{"id":80,"date":"2022-04-25T13:48:05","date_gmt":"2022-04-25T11:48:05","guid":{"rendered":"http:\/\/leadcons.huanga.com\/?page_id=80"},"modified":"2022-11-15T14:41:40","modified_gmt":"2022-11-15T13:41:40","slug":"referenzen","status":"publish","type":"page","link":"https:\/\/leadcons.ch\/startseite\/referenzen\/","title":{"rendered":"Referenzen"},"content":{"rendered":"\n<div id=\"top\" class=\"wp-block-group is-layout-flow wp-block-group-is-layout-flow\">\n<div class=\"anker_platzhalter\"><\/div>\n<\/div>\n\n\n\n<header class=\"wp-block-group header is-layout-flow wp-block-group-is-layout-flow\">\n<div class=\"wp-block-group header_inner is-layout-constrained wp-container-core-group-is-layout-2db066cb wp-block-group-is-layout-constrained\">\n<div class=\"wp-block-columns header_inner_content is-layout-flex wp-container-core-columns-is-layout-28f84493 wp-block-columns-is-layout-flex\">\n<div class=\"wp-block-column header_inner_content-left is-layout-flow wp-block-column-is-layout-flow\" style=\"flex-basis:25%\">\n<figure class=\"wp-block-image size-full is-resized\"><a href=\"https:\/\/leadcons.ch\/startseite\/\"><img loading=\"lazy\" decoding=\"async\" src=\"https:\/\/leadcons.ch\/wp-content\/uploads\/logos_icons\/logo.svg\" alt=\"Lead Consultants AG Logo\" class=\"wp-image-6\" width=\"162\" height=\"80\"\/><\/a><\/figure>\n<\/div>\n\n\n\n<div class=\"wp-block-column header_inner_content-right is-layout-flow wp-block-column-is-layout-flow\" style=\"flex-basis:75%\"><nav class=\"is-responsive items-justified-right no-wrap mainnav wp-block-navigation is-content-justification-right is-nowrap is-layout-flex wp-container-core-navigation-is-layout-5355fa85 wp-block-navigation-is-layout-flex\" aria-label=\"Navigation 3\" \n\t\t data-wp-interactive=\"core\/navigation\" data-wp-context='{\"overlayOpenedBy\":{\"click\":false,\"hover\":false,\"focus\":false},\"type\":\"overlay\",\"roleAttribute\":\"\",\"ariaLabel\":\"Men\\u00fc\"}'><button aria-haspopup=\"dialog\" aria-label=\"Men\u00fc \u00f6ffnen\" class=\"wp-block-navigation__responsive-container-open\" \n\t\t\t\tdata-wp-on--click=\"actions.openMenuOnClick\"\n\t\t\t\tdata-wp-on--keydown=\"actions.handleMenuKeydown\"\n\t\t\t><svg width=\"24\" height=\"24\" xmlns=\"http:\/\/www.w3.org\/2000\/svg\" viewBox=\"0 0 24 24\" aria-hidden=\"true\" focusable=\"false\"><path d=\"M4 7.5h16v1.5H4z\"><\/path><path d=\"M4 15h16v1.5H4z\"><\/path><\/svg><\/button>\n\t\t\t\t<div class=\"wp-block-navigation__responsive-container\"  id=\"modal-1\" \n\t\t\t\tdata-wp-class--has-modal-open=\"state.isMenuOpen\"\n\t\t\t\tdata-wp-class--is-menu-open=\"state.isMenuOpen\"\n\t\t\t\tdata-wp-watch=\"callbacks.initMenu\"\n\t\t\t\tdata-wp-on--keydown=\"actions.handleMenuKeydown\"\n\t\t\t\tdata-wp-on--focusout=\"actions.handleMenuFocusout\"\n\t\t\t\ttabindex=\"-1\"\n\t\t\t>\n\t\t\t\t\t<div class=\"wp-block-navigation__responsive-close\" tabindex=\"-1\">\n\t\t\t\t\t\t<div class=\"wp-block-navigation__responsive-dialog\" \n\t\t\t\tdata-wp-bind--aria-modal=\"state.ariaModal\"\n\t\t\t\tdata-wp-bind--aria-label=\"state.ariaLabel\"\n\t\t\t\tdata-wp-bind--role=\"state.roleAttribute\"\n\t\t\t>\n\t\t\t\t\t\t\t<button aria-label=\"Men\u00fc schliessen\" class=\"wp-block-navigation__responsive-container-close\" \n\t\t\t\tdata-wp-on--click=\"actions.closeMenuOnClick\"\n\t\t\t><svg xmlns=\"http:\/\/www.w3.org\/2000\/svg\" viewBox=\"0 0 24 24\" width=\"24\" height=\"24\" aria-hidden=\"true\" focusable=\"false\"><path d=\"m13.06 12 6.47-6.47-1.06-1.06L12 10.94 5.53 4.47 4.47 5.53 10.94 12l-6.47 6.47 1.06 1.06L12 13.06l6.47 6.47 1.06-1.06L13.06 12Z\"><\/path><\/svg><\/button>\n\t\t\t\t\t\t\t<div class=\"wp-block-navigation__responsive-container-content\" \n\t\t\t\tdata-wp-watch=\"callbacks.focusFirstElement\"\n\t\t\t id=\"modal-1-content\">\n\t\t\t\t\t\t\t\t<ul class=\"wp-block-navigation__container is-responsive items-justified-right no-wrap mainnav wp-block-navigation\"><li class=\" wp-block-navigation-item wp-block-navigation-link\"><a class=\"wp-block-navigation-item__content\"  href=\"https:\/\/leadcons.ch\/kompetenzen\/\"><span class=\"wp-block-navigation-item__label\">Kompetenzen<\/span><\/a><\/li><li class=\" wp-block-navigation-item wp-block-navigation-link\"><a class=\"wp-block-navigation-item__content\"  href=\"https:\/\/leadcons.ch\/referenzen\/\"><span class=\"wp-block-navigation-item__label\">Referenzen<\/span><\/a><\/li><li class=\" wp-block-navigation-item wp-block-navigation-link\"><a class=\"wp-block-navigation-item__content\"  href=\"https:\/\/leadcons.ch\/unternehmen\/\"><span class=\"wp-block-navigation-item__label\">Unternehmen <\/span><\/a><\/li><li class=\" wp-block-navigation-item wp-block-navigation-link\"><a class=\"wp-block-navigation-item__content\"  href=\"https:\/\/leadcons.ch\/news\/\"><span class=\"wp-block-navigation-item__label\">News <\/span><\/a><\/li><\/ul>\n\t\t\t\t\t\t\t<\/div>\n\t\t\t\t\t\t<\/div>\n\t\t\t\t\t<\/div>\n\t\t\t\t<\/div><\/nav><\/div>\n<\/div>\n\n\n\n<div class=\"wp-block-columns is-not-stacked-on-mobile header_inner-colorbars-home on is-layout-flex wp-container-core-columns-is-layout-763660d3 wp-block-columns-is-layout-flex\" style=\"margin-top:0px;margin-bottom:0px;padding-top:0px;padding-right:0px;padding-bottom:0px;padding-left:0px\">\n<div class=\"wp-block-column has-background is-layout-flow wp-block-column-is-layout-flow\" style=\"background-color:#22137c;flex-basis:30%\"><\/div>\n\n\n\n<div class=\"wp-block-column has-background is-layout-flow wp-block-column-is-layout-flow\" style=\"background-color:#eaeff3;flex-basis:42.6%\"><\/div>\n\n\n\n<div class=\"wp-block-column has-background is-layout-flow wp-block-column-is-layout-flow\" style=\"background-color:#4d5d91;flex-basis:10%\"><\/div>\n\n\n\n<div class=\"wp-block-column has-background is-layout-flow wp-block-column-is-layout-flow\" style=\"background-color:#464646;flex-basis:17.4%\"><\/div>\n<\/div>\n<\/div>\n<\/header>\n\n\n\n<section class=\"wp-block-group section_content_maincategories is-layout-flow wp-block-group-is-layout-flow\">\n<section class=\"wp-block-group section_content is-layout-constrained wp-container-core-group-is-layout-2db066cb wp-block-group-is-layout-constrained\">\n<section class=\"wp-block-group section_content_main is-layout-flow wp-block-group-is-layout-flow\">\n<h2 class=\"section_h1 wp-block-heading\">Referenzen &#8211; Erfahrung, die Sie nutzen k\u00f6nnen<\/h2>\n\n\n\n<div class=\"wp-block-columns is-layout-flex wp-container-core-columns-is-layout-28f84493 wp-block-columns-is-layout-flex\">\n<div class=\"wp-block-column is-layout-flow wp-block-column-is-layout-flow\">\n<p>Unser Kundensegment ist breit gef\u00e4chert. Lead Consultants AG unterst\u00fctzt Beh\u00f6rden und Betreiber von \u00f6ffentlichen und privaten Gesundheitsinstitutionen bez\u00fcglich Strategie \/ Angebotsplanung, Betriebsgrundlagen, Raumprogrammen und Nutzungsstudien, Benchmarking, bei der L\u00f6sungsfindung (z.B. Architekturwettbewerbe), bei der Standortsuche und bei der Realisierung von Projekten.<\/p>\n\n\n\n<p>Unsere Projekte sind mehrheitlich im Gesundheitswesen angesiedelt. Dazu geh\u00f6ren Spit\u00e4ler (vom Grundversorgungsbetrieb \u00fcber Spitalverb\u00e4nde bis zu<\/p>\n<\/div>\n\n\n\n<div class=\"wp-block-column is-layout-flow wp-block-column-is-layout-flow\">\n<p>Universit\u00e4tsspit\u00e4lern), Rehabilitationskliniken und psychiatrische Kliniken, aber auch Betagten- und Pflegezentren, Speziallaboratorien und Bildungsinstitutionen im Gesundheitsbereich.&nbsp;<\/p>\n\n\n\n<p>Regional bearbeiten wir Projekte in der Schweiz und im umliegenden Europa, aber auch im Baltikum und im hohen Norden. Dabei ist uns unsere Vielsprachigkeit (Deutsch, Italienisch, Franz\u00f6sisch, Englisch, Schwedisch) von grossem Nutzen.<\/p>\n<\/div>\n<\/div>\n<\/section>\n<\/section>\n<\/section>\n\n\n\n<div class=\"wp-block-group is-layout-flow wp-block-group-is-layout-flow\">\n<div class=\"anker_platzhalter bottom\"><a href=\"#top\" class=\"anker_platzhalter-link\"><i class=\"arrow_up\">&nbsp;<\/i><\/a><\/div>\n<\/div>\n\n\n\n<footer class=\"wp-block-group footer mit_bg has-tertiary-background-color has-background is-layout-flow wp-block-group-is-layout-flow\">\n<div class=\"wp-block-group footer_inner is-layout-constrained wp-container-core-group-is-layout-45624d0e wp-block-group-is-layout-constrained\">\n<div class=\"wp-block-group footer_inner_address is-layout-flow wp-block-group-is-layout-flow\">\n<div class=\"wp-block-columns footer_inner_address_cols is-layout-flex wp-container-core-columns-is-layout-28f84493 wp-block-columns-is-layout-flex\">\n<div class=\"wp-block-column footer_inner_address_col-first is-layout-flow wp-block-column-is-layout-flow\" style=\"flex-basis:50%\">\n<h4 class=\"wp-block-heading footer_h4\">Kontakt Z\u00fcrich<\/h4>\n\n\n\n<p class=\"footer_inner_address_icon\"><a href=\"https:\/\/goo.gl\/maps\/EYFfoQEpw3P2\" target=\"_blank\" rel=\"noreferrer noopener\" class=\"invisible\">&amp;nbsp;<\/a><\/p>\n\n\n\n<p><\/p>\n\n\n\n<p class=\"footer_inner_address_text\">Lead Consultants AG<br><a href=\"https:\/\/goo.gl\/maps\/EYFfoQEpw3P2\" target=\"_blank\" rel=\"noreferrer noopener\">Technoparkstrasse 1<br>8005 Z\u00fcrich<\/a><\/p>\n\n\n\n<p class=\"footer_inner_phone_icon\"><a href=\"tel:+41 (0)44 445 22 99\" class=\"invisible\">&amp;nbsp;<\/a><\/p>\n\n\n\n<p><\/p>\n\n\n\n<p class=\"footer_inner_phone_number\"><a href=\"tel:+41 (0)44 445 22 99\" data-type=\"tel\" data-id=\"tel:+41 (0)44 445 22 99\" target=\"_blank\" rel=\"noreferrer noopener\">+41 (0)44 445 22 99<\/a><\/p>\n<\/div>\n\n\n\n<div class=\"wp-block-column footer_inner_address_col-second is-layout-flow wp-block-column-is-layout-flow\" style=\"flex-basis:50%\">\n<h4 class=\"wp-block-heading footer_h4\">Kontakt Bern<\/h4>\n\n\n\n<p class=\"footer_inner_address_icon\"><a href=\"https:\/\/www.google.com\/maps\/place\/Nordring+4,+3013+Bern\/@46.9547742,7.4444388,17z\/data=!3m1!4b1!4m5!3m4!1s0x478e39eaf91f0511:0xf6e1692828e90f2a!8m2!3d46.9547706!4d7.4466328\" target=\"_blank\" rel=\"noreferrer noopener\" class=\"invisible\">&amp;nbsp;<\/a><\/p>\n\n\n\n<p><\/p>\n\n\n\n<p class=\"footer_inner_address_text\"><a rel=\"noreferrer noopener\" href=\"https:\/\/www.google.com\/maps\/place\/Nordring+4,+3013+Bern\/@46.9547742,7.4444388,17z\/data=!3m1!4b1!4m5!3m4!1s0x478e39eaf91f0511:0xf6e1692828e90f2a!8m2!3d46.9547706!4d7.4466328\" target=\"_blank\">Lead Consultants AG<br>Nordring 4A<br>3013 Bern<\/a><\/p>\n\n\n\n<p class=\"footer_inner_phone_icon\"><a href=\"tel:+41 (0)31 340 82 40\" class=\"invisible\">&amp;nbsp;<\/a><\/p>\n\n\n\n<p><\/p>\n\n\n\n<p class=\"footer_inner_phone_number\"><a href=\"tel:+41 (0)31 340 82 40\" data-type=\"tel\" data-id=\"tel:+41 (0)31 340 82 40\" target=\"_blank\" rel=\"noreferrer noopener\">+41 (0)31 340 82 40<\/a><\/p>\n<\/div>\n\n\n\n<div class=\"wp-block-column footer_inner_address_col-last is-layout-flow wp-block-column-is-layout-flow\" style=\"flex-basis:50%\">\n<p><\/p>\n\n\n\n<p><\/p>\n\n\n\n<p><a href=\"https:\/\/leadcons.ch\/impressum\/\" data-type=\"page\" data-id=\"1574\">Rechtliches<\/a><\/p>\n<\/div>\n<\/div>\n<\/div>\n<\/div>\n<\/footer>\n","protected":false},"excerpt":{"rendered":"<p>Referenzen &#8211; Erfahrung, die Sie nutzen k\u00f6nnen Unser Kundensegment ist breit gef\u00e4chert. Lead Consultants AG unterst\u00fctzt Beh\u00f6rden und Betreiber von \u00f6ffentlichen und privaten Gesundheitsinstitutionen bez\u00fcglich Strategie \/ Angebotsplanung, Betriebsgrundlagen, Raumprogrammen und Nutzungsstudien, Benchmarking, bei der L\u00f6sungsfindung (z.B. Architekturwettbewerbe), bei der Standortsuche und bei der Realisierung von Projekten. Unsere Projekte sind mehrheitlich im Gesundheitswesen angesiedelt. Dazu [&hellip;]<\/p>\n","protected":false},"author":2,"featured_media":0,"parent":0,"menu_order":0,"comment_status":"closed","ping_status":"closed","template":"wp-custom-template-haupt-rubriken-referenzen","meta":{"footnotes":""},"class_list":["post-80","page","type-page","status-publish","hentry"],"_links":{"self":[{"href":"https:\/\/leadcons.ch\/startseite\/wp-json\/wp\/v2\/pages\/80","targetHints":{"allow":["GET"]}}],"collection":[{"href":"https:\/\/leadcons.ch\/startseite\/wp-json\/wp\/v2\/pages"}],"about":[{"href":"https:\/\/leadcons.ch\/startseite\/wp-json\/wp\/v2\/types\/page"}],"author":[{"embeddable":true,"href":"https:\/\/leadcons.ch\/startseite\/wp-json\/wp\/v2\/users\/2"}],"replies":[{"embeddable":true,"href":"https:\/\/leadcons.ch\/startseite\/wp-json\/wp\/v2\/comments?post=80"}],"version-history":[{"count":12,"href":"https:\/\/leadcons.ch\/startseite\/wp-json\/wp\/v2\/pages\/80\/revisions"}],"predecessor-version":[{"id":2456,"href":"https:\/\/leadcons.ch\/startseite\/wp-json\/wp\/v2\/pages\/80\/revisions\/2456"}],"wp:attachment":[{"href":"https:\/\/leadcons.ch\/startseite\/wp-json\/wp\/v2\/media?parent=80"}],"curies":[{"name":"wp","href":"https:\/\/api.w.org\/{rel}","templated":true}]}}